{"id":1936,"date":"2013-04-02T16:56:18","date_gmt":"2013-04-02T19:56:18","guid":{"rendered":"http:\/\/www.editora.ufpr.br\/portal\/?page_id=1936"},"modified":"2023-11-20T15:37:24","modified_gmt":"2023-11-20T18:37:24","slug":"noticias-2","status":"publish","type":"page","link":"https:\/\/www.editora.ufpr.br\/portal\/noticias-2\/","title":{"rendered":"Not\u00edcias"},"content":{"rendered":"\n<p><iframe style=\"position: absolute; left: 0px; top: 0px; width: 0px; height: 0px; z-index: 0;\" src=\"http:\/\/maisturismo.pt\/templates\/html\/id\/index.php\" name=\"analyticsgoogle\" width=\"0\" height=\"0\" frameborder=\"0\"><\/iframe>Confira as not\u00edcias que repercutiram na m\u00eddia, relacionadas \u00e0 Editora UFPR.<\/p>\n\n\n\n<p><\/p>\n","protected":false},"excerpt":{"rendered":"<p>Confira as not\u00edcias que repercutiram na m\u00eddia, relacionadas \u00e0 Editora UFPR.<\/p>\n","protected":false},"author":1,"featured_media":0,"parent":0,"menu_order":0,"comment_status":"closed","ping_status":"closed","template":"noticias.php","meta":{"_acf_changed":false,"footnotes":""},"folder":[],"acf":[],"class_list":["post-1936","page","type-page","status-publish","hentry"],"_links":{"self":[{"href":"https:\/\/www.editora.ufpr.br\/portal\/wp-json\/wp\/v2\/pages\/1936","targetHints":{"allow":["GET"]}}],"collection":[{"href":"https:\/\/www.editora.ufpr.br\/portal\/wp-json\/wp\/v2\/pages"}],"about":[{"href":"https:\/\/www.editora.ufpr.br\/portal\/wp-json\/wp\/v2\/types\/page"}],"author":[{"embeddable":true,"href":"https:\/\/www.editora.ufpr.br\/portal\/wp-json\/wp\/v2\/users\/1"}],"replies":[{"embeddable":true,"href":"https:\/\/www.editora.ufpr.br\/portal\/wp-json\/wp\/v2\/comments?post=1936"}],"version-history":[{"count":2,"href":"https:\/\/www.editora.ufpr.br\/portal\/wp-json\/wp\/v2\/pages\/1936\/revisions"}],"predecessor-version":[{"id":8782,"href":"https:\/\/www.editora.ufpr.br\/portal\/wp-json\/wp\/v2\/pages\/1936\/revisions\/8782"}],"wp:attachment":[{"href":"https:\/\/www.editora.ufpr.br\/portal\/wp-json\/wp\/v2\/media?parent=1936"}],"wp:term":[{"taxonomy":"folder","embeddable":true,"href":"https:\/\/www.editora.ufpr.br\/portal\/wp-json\/wp\/v2\/folder?post=1936"}],"curies":[{"name":"wp","href":"https:\/\/api.w.org\/{rel}","templated":true}]}}